{"id":2811,"date":"2025-06-02T14:31:33","date_gmt":"2025-06-02T13:31:33","guid":{"rendered":"https:\/\/lescoconsdemamie.com\/?post_type=product&#038;p=2811"},"modified":"2025-10-05T14:46:21","modified_gmt":"2025-10-05T13:46:21","slug":"couverture-nid-dabeille","status":"publish","type":"product","link":"https:\/\/lescoconsdemamie.com\/en\/produit\/couverture-nid-dabeille\/","title":{"rendered":"Couverture Nid d&#8217;abeille"},"content":{"rendered":"","protected":false},"excerpt":{"rendered":"<p>M\u00eame pendant les p\u00e9riodes chaudes, il est indispensable de couvrir l\u00e9g\u00e8rement les tout petits lorsqu&#8217;ils dorment.<\/p>\n<p>Nous avons combin\u00e9 diff\u00e9rentes mati\u00e8res pour un r\u00e9sultat d\u00e9licat, cette couverture est l\u00e9g\u00e8re et raffin\u00e9e. Les tons neutres finiront de vous s\u00e9duire.<\/p>\n<p>&nbsp;<\/p>\n<h3 data-start=\"523\" data-end=\"540\">Entretien :<\/h3>\n<ul data-start=\"541\" data-end=\"569\">\n<li data-start=\"541\" data-end=\"569\">Lavage en machine \u00e0 30\u00b0C<\/li>\n<li data-start=\"541\" data-end=\"569\">Pas de s\u00e9chage machine.<\/li>\n<\/ul>\n<h3 data-start=\"571\" data-end=\"589\">Dimensions :<\/h3>\n<ul data-start=\"590\" data-end=\"652\">\n<li data-start=\"590\" data-end=\"619\">120 cm \u00d7 90 cm<\/li>\n<\/ul>\n<h3 data-start=\"654\" data-end=\"669\">Mat\u00e9riaux :<\/h3>\n<ul data-start=\"670\" data-end=\"794\" data-is-last-node=\"\" data-is-only-node=\"\">\n<li data-start=\"670\" data-end=\"701\">Tissu 100% coton<\/li>\n<li data-start=\"702\" data-end=\"725\">Tricot microfibre Oeko-tek<\/li>\n<\/ul>\n","protected":false},"featured_media":2814,"comment_status":"open","ping_status":"closed","template":"","meta":{"_kad_blocks_custom_css":"","_kad_blocks_head_custom_js":"","_kad_blocks_body_custom_js":"","_kad_blocks_footer_custom_js":"","_kad_post_transparent":"default","_kad_post_title":"","_kad_post_layout":"default","_kad_post_sidebar_id":"","_kad_post_content_style":"default","_kad_post_vertical_padding":"default","_kad_post_feature":"","_kad_post_feature_position":"","_kad_post_header":false,"_kad_post_footer":false},"product_brand":[],"product_cat":[47],"product_tag":[],"class_list":{"0":"post-2811","1":"product","2":"type-product","3":"status-publish","4":"has-post-thumbnail","6":"product_cat-couvertures","7":"product_shipping_class-medium","9":"first","10":"instock","11":"shipping-taxable","12":"purchasable","13":"product-type-variable","14":"entry","15":"content-bg","16":"loop-entry"},"taxonomy_info":{"product_cat":[{"value":47,"label":"Couvertures"}]},"featured_image_src_large":["https:\/\/lescoconsdemamie.com\/wp-content\/uploads\/2025\/06\/WhatsApp-Image-2025-06-01-at-14.59.10-e1748872010901-868x1024.jpeg",868,1024,true],"author_info":[],"comment_info":0,"_links":{"self":[{"href":"https:\/\/lescoconsdemamie.com\/en\/wp-json\/wp\/v2\/product\/2811","targetHints":{"allow":["GET"]}}],"collection":[{"href":"https:\/\/lescoconsdemamie.com\/en\/wp-json\/wp\/v2\/product"}],"about":[{"href":"https:\/\/lescoconsdemamie.com\/en\/wp-json\/wp\/v2\/types\/product"}],"replies":[{"embeddable":true,"href":"https:\/\/lescoconsdemamie.com\/en\/wp-json\/wp\/v2\/comments?post=2811"}],"wp:featuredmedia":[{"embeddable":true,"href":"https:\/\/lescoconsdemamie.com\/en\/wp-json\/wp\/v2\/media\/2814"}],"wp:attachment":[{"href":"https:\/\/lescoconsdemamie.com\/en\/wp-json\/wp\/v2\/media?parent=2811"}],"wp:term":[{"taxonomy":"product_brand","embeddable":true,"href":"https:\/\/lescoconsdemamie.com\/en\/wp-json\/wp\/v2\/product_brand?post=2811"},{"taxonomy":"product_cat","embeddable":true,"href":"https:\/\/lescoconsdemamie.com\/en\/wp-json\/wp\/v2\/product_cat?post=2811"},{"taxonomy":"product_tag","embeddable":true,"href":"https:\/\/lescoconsdemamie.com\/en\/wp-json\/wp\/v2\/product_tag?post=2811"}],"curies":[{"name":"wp","href":"https:\/\/api.w.org\/{rel}","templated":true}]}}