{"id":2831,"date":"2025-06-03T09:07:40","date_gmt":"2025-06-03T08:07:40","guid":{"rendered":"https:\/\/lescoconsdemamie.com\/?post_type=product&#038;p=2831"},"modified":"2025-10-05T14:49:02","modified_gmt":"2025-10-05T13:49:02","slug":"sandales-dete","status":"publish","type":"product","link":"https:\/\/lescoconsdemamie.com\/bg\/produit\/sandales-dete\/","title":{"rendered":"Sandales d\u2019\u00e9t\u00e9"},"content":{"rendered":"","protected":false},"excerpt":{"rendered":"<p>Et si b\u00e9b\u00e9 jouait les grandes en copiant leur \u00e9l\u00e9gance?!<\/p>\n<p>Pourquoi ne pas enfiler une paire de sandales digne du tapis rouge\u202f? Op\u00e9ration s\u00e9duction pour b\u00e9b\u00e9!<\/p>\n<h3>Contenu :<\/h3>\n<ul>\n<li>1 paire de sandales<\/li>\n<li>1 pochette de pr\u00e9sentation en similicuir<\/li>\n<li>Papier de soie<\/li>\n<\/ul>\n<h3>Taille :<\/h3>\n<ul>\n<li>0 &#8211; 3 mois<\/li>\n<\/ul>\n","protected":false},"featured_media":2837,"comment_status":"open","ping_status":"closed","template":"","meta":{"_kad_blocks_custom_css":"","_kad_blocks_head_custom_js":"","_kad_blocks_body_custom_js":"","_kad_blocks_footer_custom_js":"","_kad_post_transparent":"default","_kad_post_title":"","_kad_post_layout":"default","_kad_post_sidebar_id":"","_kad_post_content_style":"default","_kad_post_vertical_padding":"default","_kad_post_feature":"","_kad_post_feature_position":"","_kad_post_header":false,"_kad_post_footer":false},"product_brand":[],"product_cat":[80],"product_tag":[],"class_list":{"0":"post-2831","1":"product","2":"type-product","3":"status-publish","4":"has-post-thumbnail","6":"product_cat-bonnets-et-chaussons","7":"product_shipping_class-small","9":"first","10":"instock","11":"shipping-taxable","12":"purchasable","13":"product-type-variable","14":"entry","15":"content-bg","16":"loop-entry"},"taxonomy_info":{"product_cat":[{"value":80,"label":"Bonnets et chaussons"}]},"featured_image_src_large":["https:\/\/lescoconsdemamie.com\/wp-content\/uploads\/2025\/06\/WhatsApp-Image-2025-06-01-at-15.02.28-768x1024.jpeg",768,1024,true],"author_info":[],"comment_info":0,"_links":{"self":[{"href":"https:\/\/lescoconsdemamie.com\/bg\/wp-json\/wp\/v2\/product\/2831","targetHints":{"allow":["GET"]}}],"collection":[{"href":"https:\/\/lescoconsdemamie.com\/bg\/wp-json\/wp\/v2\/product"}],"about":[{"href":"https:\/\/lescoconsdemamie.com\/bg\/wp-json\/wp\/v2\/types\/product"}],"replies":[{"embeddable":true,"href":"https:\/\/lescoconsdemamie.com\/bg\/wp-json\/wp\/v2\/comments?post=2831"}],"wp:featuredmedia":[{"embeddable":true,"href":"https:\/\/lescoconsdemamie.com\/bg\/wp-json\/wp\/v2\/media\/2837"}],"wp:attachment":[{"href":"https:\/\/lescoconsdemamie.com\/bg\/wp-json\/wp\/v2\/media?parent=2831"}],"wp:term":[{"taxonomy":"product_brand","embeddable":true,"href":"https:\/\/lescoconsdemamie.com\/bg\/wp-json\/wp\/v2\/product_brand?post=2831"},{"taxonomy":"product_cat","embeddable":true,"href":"https:\/\/lescoconsdemamie.com\/bg\/wp-json\/wp\/v2\/product_cat?post=2831"},{"taxonomy":"product_tag","embeddable":true,"href":"https:\/\/lescoconsdemamie.com\/bg\/wp-json\/wp\/v2\/product_tag?post=2831"}],"curies":[{"name":"wp","href":"https:\/\/api.w.org\/{rel}","templated":true}]}}