{"id":2821,"date":"2025-06-02T15:12:49","date_gmt":"2025-06-02T14:12:49","guid":{"rendered":"https:\/\/lescoconsdemamie.com\/?post_type=product&#038;p=2821"},"modified":"2025-11-13T18:59:49","modified_gmt":"2025-11-13T17:59:49","slug":"ensemble-bonnet-sandales-dete","status":"publish","type":"product","link":"https:\/\/lescoconsdemamie.com\/bg\/produit\/ensemble-bonnet-sandales-dete\/","title":{"rendered":"Ensemble bonnet &#038; sandales d\u2019\u00e9t\u00e9"},"content":{"rendered":"","protected":false},"excerpt":{"rendered":"<p>Tout le monde sait bien que lorsque le soleil se pointe \u00e0 l&#8217;horizon, la protection des petits s&#8217;impose, nous vous proposons donc de jolis bonnets.<\/p>\n<p>Le nid d&#8217;abeille nous a sembl\u00e9 \u00eatre un choix id\u00e9al pour sa l\u00e9g\u00e8ret\u00e9 et sa d\u00e9licatesse. Notre mod\u00e8le est charmant, avec un petit cot\u00e9 r\u00e9tro, mais tr\u00e8s fonctionnel. Des sandales assorties viendront compl\u00e9ter cet ensemble raffin\u00e9. Et toujours accompagne d&#8217;un adorable po\u00e8me et sa pochette.<\/p>\n<h3>Entretien :<\/h3>\n<ul>\n<li>Lavage machine 30C<span class=\"BxUVEf ILfuVd\" lang=\"fr\"><span class=\"hgKElc\"><b>\u00b0<\/b><\/span><\/span><\/li>\n<li>Pas de s\u00e9chage en machine<\/li>\n<\/ul>\n<h3>Mat\u00e9riaux :<\/h3>\n<ul>\n<li>Tricot microfibre Oeko-Tex<\/li>\n<li>100% coton<\/li>\n<\/ul>\n<h3>Contenu :<\/h3>\n<ul>\n<li>1 paire de sandales, dessus fait main<\/li>\n<li>1 bonnet fait main<\/li>\n<li>1 po\u00e8me<\/li>\n<li>1 pochette de pr\u00e9sentation en similicuir<\/li>\n<li>Papier de soie<\/li>\n<\/ul>\n<h3>Taille :<\/h3>\n<ul>\n<li>0 &#8211; 3 mois<\/li>\n<\/ul>\n","protected":false},"featured_media":2828,"comment_status":"open","ping_status":"closed","template":"","meta":{"_kad_blocks_custom_css":"","_kad_blocks_head_custom_js":"","_kad_blocks_body_custom_js":"","_kad_blocks_footer_custom_js":"","_kad_post_transparent":"default","_kad_post_title":"","_kad_post_layout":"default","_kad_post_sidebar_id":"","_kad_post_content_style":"default","_kad_post_vertical_padding":"default","_kad_post_feature":"","_kad_post_feature_position":"","_kad_post_header":false,"_kad_post_footer":false},"product_brand":[],"product_cat":[80],"product_tag":[],"class_list":{"0":"post-2821","1":"product","2":"type-product","3":"status-publish","4":"has-post-thumbnail","6":"product_cat-bonnets-et-chaussons","7":"product_shipping_class-small","9":"first","10":"instock","11":"shipping-taxable","12":"purchasable","13":"product-type-variable","14":"entry","15":"content-bg","16":"loop-entry"},"taxonomy_info":{"product_cat":[{"value":80,"label":"Bonnets et chaussons"}]},"featured_image_src_large":["https:\/\/lescoconsdemamie.com\/wp-content\/uploads\/2025\/06\/WhatsApp-Image-2025-06-01-at-15.01.11-768x1024.jpeg",768,1024,true],"author_info":[],"comment_info":0,"_links":{"self":[{"href":"https:\/\/lescoconsdemamie.com\/bg\/wp-json\/wp\/v2\/product\/2821","targetHints":{"allow":["GET"]}}],"collection":[{"href":"https:\/\/lescoconsdemamie.com\/bg\/wp-json\/wp\/v2\/product"}],"about":[{"href":"https:\/\/lescoconsdemamie.com\/bg\/wp-json\/wp\/v2\/types\/product"}],"replies":[{"embeddable":true,"href":"https:\/\/lescoconsdemamie.com\/bg\/wp-json\/wp\/v2\/comments?post=2821"}],"wp:featuredmedia":[{"embeddable":true,"href":"https:\/\/lescoconsdemamie.com\/bg\/wp-json\/wp\/v2\/media\/2828"}],"wp:attachment":[{"href":"https:\/\/lescoconsdemamie.com\/bg\/wp-json\/wp\/v2\/media?parent=2821"}],"wp:term":[{"taxonomy":"product_brand","embeddable":true,"href":"https:\/\/lescoconsdemamie.com\/bg\/wp-json\/wp\/v2\/product_brand?post=2821"},{"taxonomy":"product_cat","embeddable":true,"href":"https:\/\/lescoconsdemamie.com\/bg\/wp-json\/wp\/v2\/product_cat?post=2821"},{"taxonomy":"product_tag","embeddable":true,"href":"https:\/\/lescoconsdemamie.com\/bg\/wp-json\/wp\/v2\/product_tag?post=2821"}],"curies":[{"name":"wp","href":"https:\/\/api.w.org\/{rel}","templated":true}]}}